{"id":3378,"date":"2025-11-05T13:18:57","date_gmt":"2025-11-05T11:18:57","guid":{"rendered":"https:\/\/www.atsigrezk.lt\/paskyra\/"},"modified":"2025-11-05T13:18:57","modified_gmt":"2025-11-05T11:18:57","slug":"paskyra","status":"publish","type":"page","link":"https:\/\/www.atsigrezk.lt\/en\/paskyra\/","title":{"rendered":"Paskyra"},"content":{"rendered":"<p>[woocommerce_my_account]<\/p>","protected":false},"excerpt":{"rendered":"","protected":false},"author":1,"featured_media":0,"parent":0,"menu_order":0,"comment_status":"closed","ping_status":"closed","template":"","meta":{"footnotes":""},"class_list":["post-3378","page","type-page","status-publish","hentry"],"yoast_head":"<!-- This site is optimized with the Yoast SEO plugin v26.5 - https:\/\/yoast.com\/wordpress\/plugins\/seo\/ -->\n<title>Paskyra - Atsigr\u0119\u017ek \u012f vaikus<\/title>\n<meta name=\"robots\" content=\"index, follow, max-snippet:-1, max-image-preview:large, max-video-preview:-1\" \/>\n<link rel=\"canonical\" href=\"https:\/\/www.atsigrezk.lt\/en\/paskyra\/\" \/>\n<meta property=\"og:locale\" content=\"en_US\" \/>\n<meta property=\"og:type\" content=\"article\" \/>\n<meta property=\"og:title\" content=\"Paskyra - Atsigr\u0119\u017ek \u012f vaikus\" \/>\n<meta property=\"og:url\" content=\"https:\/\/www.atsigrezk.lt\/en\/paskyra\/\" \/>\n<meta property=\"og:site_name\" content=\"Atsigr\u0119\u017ek \u012f vaikus\" \/>\n<meta property=\"article:publisher\" content=\"https:\/\/www.facebook.com\/VsiAtsigrezkIVaikus\" \/>\n<meta name=\"twitter:card\" content=\"summary_large_image\" \/>\n<script type=\"application\/ld+json\" class=\"yoast-schema-graph\">{\"@context\":\"https:\/\/schema.org\",\"@graph\":[{\"@type\":\"WebPage\",\"@id\":\"https:\/\/www.atsigrezk.lt\/paskyra\/\",\"url\":\"https:\/\/www.atsigrezk.lt\/paskyra\/\",\"name\":\"Paskyra - Atsigr\u0119\u017ek \u012f vaikus\",\"isPartOf\":{\"@id\":\"https:\/\/www.atsigrezk.lt\/#website\"},\"datePublished\":\"2025-11-05T11:18:57+00:00\",\"breadcrumb\":{\"@id\":\"https:\/\/www.atsigrezk.lt\/paskyra\/#breadcrumb\"},\"inLanguage\":\"en-US\",\"potentialAction\":[{\"@type\":\"ReadAction\",\"target\":[\"https:\/\/www.atsigrezk.lt\/paskyra\/\"]}]},{\"@type\":\"BreadcrumbList\",\"@id\":\"https:\/\/www.atsigrezk.lt\/paskyra\/#breadcrumb\",\"itemListElement\":[{\"@type\":\"ListItem\",\"position\":1,\"name\":\"Home\",\"item\":\"https:\/\/www.atsigrezk.lt\/\"},{\"@type\":\"ListItem\",\"position\":2,\"name\":\"Paskyra\"}]},{\"@type\":\"WebSite\",\"@id\":\"https:\/\/www.atsigrezk.lt\/#website\",\"url\":\"https:\/\/www.atsigrezk.lt\/\",\"name\":\"Atsigr\u0119\u017ek \u012f vaikus\",\"description\":\"Atsigr\u0119\u017ek \u012f vaikus\",\"publisher\":{\"@id\":\"https:\/\/www.atsigrezk.lt\/#organization\"},\"alternateName\":\"Atsigr\u0119\u017ek \u012f vaikus\",\"potentialAction\":[{\"@type\":\"SearchAction\",\"target\":{\"@type\":\"EntryPoint\",\"urlTemplate\":\"https:\/\/www.atsigrezk.lt\/?s={search_term_string}\"},\"query-input\":{\"@type\":\"PropertyValueSpecification\",\"valueRequired\":true,\"valueName\":\"search_term_string\"}}],\"inLanguage\":\"en-US\"},{\"@type\":\"Organization\",\"@id\":\"https:\/\/www.atsigrezk.lt\/#organization\",\"name\":\"Atsigr\u0119\u017ek \u012f vaikus\",\"url\":\"https:\/\/www.atsigrezk.lt\/\",\"logo\":{\"@type\":\"ImageObject\",\"inLanguage\":\"en-US\",\"@id\":\"https:\/\/www.atsigrezk.lt\/#\/schema\/logo\/image\/\",\"url\":\"https:\/\/www.atsigrezk.lt\/wp-content\/uploads\/2025\/04\/Atsigrezk-Logo.png\",\"contentUrl\":\"https:\/\/www.atsigrezk.lt\/wp-content\/uploads\/2025\/04\/Atsigrezk-Logo.png\",\"width\":735,\"height\":628,\"caption\":\"Atsigr\u0119\u017ek \u012f vaikus\"},\"image\":{\"@id\":\"https:\/\/www.atsigrezk.lt\/#\/schema\/logo\/image\/\"},\"sameAs\":[\"https:\/\/www.facebook.com\/VsiAtsigrezkIVaikus\"]}]}<\/script>\n<!-- \/ Yoast SEO plugin. -->","yoast_head_json":{"title":"Paskyra - Atsigr\u0119\u017ek \u012f vaikus","robots":{"index":"index","follow":"follow","max-snippet":"max-snippet:-1","max-image-preview":"max-image-preview:large","max-video-preview":"max-video-preview:-1"},"canonical":"https:\/\/www.atsigrezk.lt\/en\/paskyra\/","og_locale":"en_US","og_type":"article","og_title":"Paskyra - Atsigr\u0119\u017ek \u012f vaikus","og_url":"https:\/\/www.atsigrezk.lt\/en\/paskyra\/","og_site_name":"Atsigr\u0119\u017ek \u012f vaikus","article_publisher":"https:\/\/www.facebook.com\/VsiAtsigrezkIVaikus","twitter_card":"summary_large_image","schema":{"@context":"https:\/\/schema.org","@graph":[{"@type":"WebPage","@id":"https:\/\/www.atsigrezk.lt\/paskyra\/","url":"https:\/\/www.atsigrezk.lt\/paskyra\/","name":"Paskyra - Atsigr\u0119\u017ek \u012f vaikus","isPartOf":{"@id":"https:\/\/www.atsigrezk.lt\/#website"},"datePublished":"2025-11-05T11:18:57+00:00","breadcrumb":{"@id":"https:\/\/www.atsigrezk.lt\/paskyra\/#breadcrumb"},"inLanguage":"en-US","potentialAction":[{"@type":"ReadAction","target":["https:\/\/www.atsigrezk.lt\/paskyra\/"]}]},{"@type":"BreadcrumbList","@id":"https:\/\/www.atsigrezk.lt\/paskyra\/#breadcrumb","itemListElement":[{"@type":"ListItem","position":1,"name":"Home","item":"https:\/\/www.atsigrezk.lt\/"},{"@type":"ListItem","position":2,"name":"Paskyra"}]},{"@type":"WebSite","@id":"https:\/\/www.atsigrezk.lt\/#website","url":"https:\/\/www.atsigrezk.lt\/","name":"Turn to the Children","description":"Turn to the Children","publisher":{"@id":"https:\/\/www.atsigrezk.lt\/#organization"},"alternateName":"Atsigr\u0119\u017ek \u012f vaikus","potentialAction":[{"@type":"SearchAction","target":{"@type":"EntryPoint","urlTemplate":"https:\/\/www.atsigrezk.lt\/?s={search_term_string}"},"query-input":{"@type":"PropertyValueSpecification","valueRequired":true,"valueName":"search_term_string"}}],"inLanguage":"en-US"},{"@type":"Organization","@id":"https:\/\/www.atsigrezk.lt\/#organization","name":"Turn to the Children","url":"https:\/\/www.atsigrezk.lt\/","logo":{"@type":"ImageObject","inLanguage":"en-US","@id":"https:\/\/www.atsigrezk.lt\/#\/schema\/logo\/image\/","url":"https:\/\/www.atsigrezk.lt\/wp-content\/uploads\/2025\/04\/Atsigrezk-Logo.png","contentUrl":"https:\/\/www.atsigrezk.lt\/wp-content\/uploads\/2025\/04\/Atsigrezk-Logo.png","width":735,"height":628,"caption":"Atsigr\u0119\u017ek \u012f vaikus"},"image":{"@id":"https:\/\/www.atsigrezk.lt\/#\/schema\/logo\/image\/"},"sameAs":["https:\/\/www.facebook.com\/VsiAtsigrezkIVaikus"]}]}},"_links":{"self":[{"href":"https:\/\/www.atsigrezk.lt\/en\/wp-json\/wp\/v2\/pages\/3378","targetHints":{"allow":["GET"]}}],"collection":[{"href":"https:\/\/www.atsigrezk.lt\/en\/wp-json\/wp\/v2\/pages"}],"about":[{"href":"https:\/\/www.atsigrezk.lt\/en\/wp-json\/wp\/v2\/types\/page"}],"author":[{"embeddable":true,"href":"https:\/\/www.atsigrezk.lt\/en\/wp-json\/wp\/v2\/users\/1"}],"replies":[{"embeddable":true,"href":"https:\/\/www.atsigrezk.lt\/en\/wp-json\/wp\/v2\/comments?post=3378"}],"version-history":[{"count":0,"href":"https:\/\/www.atsigrezk.lt\/en\/wp-json\/wp\/v2\/pages\/3378\/revisions"}],"wp:attachment":[{"href":"https:\/\/www.atsigrezk.lt\/en\/wp-json\/wp\/v2\/media?parent=3378"}],"curies":[{"name":"wp","href":"https:\/\/api.w.org\/{rel}","templated":true}]}}